{"id":306,"date":"2024-07-22T13:56:43","date_gmt":"2024-07-22T13:56:43","guid":{"rendered":"https:\/\/live.21lab.co\/growlab\/?page_id=306"},"modified":"2026-03-11T05:08:07","modified_gmt":"2026-03-11T05:08:07","slug":"h2","status":"publish","type":"page","link":"https:\/\/lgleadinggreen.com\/en\/h2\/","title":{"rendered":"H2 \u2013 Production of green hydrogen"},"content":{"rendered":"<div data-elementor-type=\"wp-page\" data-elementor-id=\"306\" class=\"elementor elementor-306\">\n\t\t\t\t<div class=\"elementor-element elementor-element-33c9f0e bgDark e-flex e-con-boxed e-con e-parent\" data-id=\"33c9f0e\" data-element_type=\"container\" data-e-type=\"container\" data-settings=\"{&quot;background_background&quot;:&quot;classic&quot;}\">\n\t\t\t\t\t<div class=\"e-con-inner\">\n\t\t<div class=\"elementor-element elementor-element-64c0675 e-con-full e-flex e-con e-child\" data-id=\"64c0675\" data-element_type=\"container\" data-e-type=\"container\">\n\t\t\t\t<div class=\"elementor-element elementor-element-a515b1e elementor-widget elementor-widget-heading\" data-id=\"a515b1e\" data-element_type=\"widget\" data-e-type=\"widget\" data-widget_type=\"heading.default\">\n\t\t\t\t\t<h2 class=\"elementor-heading-title elementor-size-default\">RES<\/h2>\t\t\t\t<\/div>\n\t\t\t\t<div class=\"elementor-element elementor-element-c0994e7 elementor-widget elementor-widget-heading\" data-id=\"c0994e7\" data-element_type=\"widget\" data-e-type=\"widget\" data-widget_type=\"heading.default\">\n\t\t\t\t\t<h2 class=\"elementor-heading-title elementor-size-default\">H2 \u2013 Production of green hydrogen<\/h2>\t\t\t\t<\/div>\n\t\t<div class=\"elementor-element elementor-element-f664766 e-grid e-con-full e-con e-child\" data-id=\"f664766\" data-element_type=\"container\" data-e-type=\"container\">\n\t\t\t\t<div class=\"elementor-element elementor-element-18ad2e9 elementor-align-justify elementor-mobile-align-justify elementor-widget elementor-widget-button\" data-id=\"18ad2e9\" data-element_type=\"widget\" data-e-type=\"widget\" data-widget_type=\"button.default\">\n\t\t\t\t\t\t\t\t\t\t<a class=\"elementor-button elementor-button-link elementor-size-sm\" href=\"https:\/\/lgleadinggreen.com\/en\/kontaktiraj-nas\/\">\n\t\t\t\t\t\t<span class=\"elementor-button-content-wrapper\">\n\t\t\t\t\t\t\t\t\t<span class=\"elementor-button-text\">Contact us<\/span>\n\t\t\t\t\t<\/span>\n\t\t\t\t\t<\/a>\n\t\t\t\t\t\t\t\t<\/div>\n\t\t\t\t<\/div>\n\t\t\t\t<\/div>\n\t\t<div class=\"elementor-element elementor-element-c7954a3 e-con-full e-flex e-con e-child\" data-id=\"c7954a3\" data-element_type=\"container\" data-e-type=\"container\">\n\t\t\t\t<\/div>\n\t\t\t\t\t<\/div>\n\t\t\t\t<\/div>\n\t\t<div class=\"elementor-element elementor-element-7435ede e-flex e-con-boxed e-con e-parent\" data-id=\"7435ede\" data-element_type=\"container\" data-e-type=\"container\">\n\t\t\t\t\t<div class=\"e-con-inner\">\n\t\t<div class=\"elementor-element elementor-element-7ffbf9b e-con-full e-flex e-con e-child\" data-id=\"7ffbf9b\" data-element_type=\"container\" data-e-type=\"container\">\n\t\t\t\t<div class=\"elementor-element elementor-element-404bc49 pp-dual-heading-block elementor-widget elementor-widget-pp-dual-heading\" data-id=\"404bc49\" data-element_type=\"widget\" data-e-type=\"widget\" data-widget_type=\"pp-dual-heading.default\">\n\t\t\t\t\t<h2 class=\"pp-dual-heading\"><span class=\"pp-first-text\">RES<\/span><\/h2>\t\t\t\t<\/div>\n\t\t<div class=\"elementor-element elementor-element-206d1a7 e-con-full e-flex e-con e-child\" data-id=\"206d1a7\" data-element_type=\"container\" data-e-type=\"container\">\n\t\t\t\t<div class=\"elementor-element elementor-element-91e792c elementor-widget elementor-widget-heading\" data-id=\"91e792c\" data-element_type=\"widget\" data-e-type=\"widget\" data-widget_type=\"heading.default\">\n\t\t\t\t\t<span class=\"elementor-heading-title elementor-size-default\">There are multiple positive effects of green hydrogen production, including:\nProduction of <b>RES <\/b>kao energenta za proizvodnju toplotne ili elektri\u010dne energije\nProizvodnje kiseonika za medicinske i druge potrebe\nPre\u010di\u0161\u0107avanje otpadnih voda i dr. \nIzgledi nekih modela plutaju\u0107ih postrojenja \u010disto solarnih ili hibridnih u kombinaciji solara i vetrogeneratora.<\/span>\t\t\t\t<\/div>\n\t\t\t\t<\/div>\n\t\t\t\t<\/div>\n\t\t<div class=\"elementor-element elementor-element-3de94de e-con-full e-flex e-con e-child\" data-id=\"3de94de\" data-element_type=\"container\" data-e-type=\"container\">\n\t\t\t\t<div class=\"elementor-element elementor-element-f9ae049 elementor-widget__width-initial elementor-absolute elementor-invisible elementor-widget elementor-widget-image\" data-id=\"f9ae049\" data-element_type=\"widget\" data-e-type=\"widget\" data-settings=\"{&quot;_position&quot;:&quot;absolute&quot;,&quot;_animation&quot;:&quot;fadeInUp&quot;}\" data-widget_type=\"image.default\">\n\t\t\t\t\t\t\t\t\t\t\t\t\t\t\t<img fetchpriority=\"high\" decoding=\"async\" width=\"800\" height=\"800\" src=\"https:\/\/lgleadinggreen.com\/wp-content\/uploads\/2024\/07\/Group-25.png\" class=\"attachment-large size-large wp-image-301\" alt=\"icon\" srcset=\"https:\/\/lgleadinggreen.com\/wp-content\/uploads\/2024\/07\/Group-25.png 800w, https:\/\/lgleadinggreen.com\/wp-content\/uploads\/2024\/07\/Group-25-300x300.png 300w, https:\/\/lgleadinggreen.com\/wp-content\/uploads\/2024\/07\/Group-25-150x150.png 150w, https:\/\/lgleadinggreen.com\/wp-content\/uploads\/2024\/07\/Group-25-768x768.png 768w\" sizes=\"(max-width: 800px) 100vw, 800px\" \/>\t\t\t\t\t\t\t\t\t\t\t\t\t\t\t<\/div>\n\t\t\t\t<\/div>\n\t\t\t\t\t<\/div>\n\t\t\t\t<\/div>\n\t\t<div class=\"elementor-element elementor-element-4ff76ff e-flex e-con-boxed e-con e-parent\" data-id=\"4ff76ff\" data-element_type=\"container\" data-e-type=\"container\">\n\t\t\t\t\t<div class=\"e-con-inner\">\n\t\t<div class=\"elementor-element elementor-element-b58a13d e-con-full e-flex e-con e-child\" data-id=\"b58a13d\" data-element_type=\"container\" data-e-type=\"container\">\n\t\t\t\t<div class=\"elementor-element elementor-element-62e8f3a elementor-widget elementor-widget-image\" data-id=\"62e8f3a\" data-element_type=\"widget\" data-e-type=\"widget\" data-widget_type=\"image.default\">\n\t\t\t\t\t\t\t\t\t\t\t\t<figure class=\"wp-caption\">\n\t\t\t\t\t\t\t\t\t\t<img decoding=\"async\" width=\"850\" height=\"480\" src=\"https:\/\/lgleadinggreen.com\/wp-content\/uploads\/2026\/03\/H2_OIE.webp\" class=\"attachment-large size-large wp-image-1632\" alt=\"Kori\u0161\u0107enje plutaju\u0107e solarne elektrane za proizvodnju H2\" srcset=\"https:\/\/lgleadinggreen.com\/wp-content\/uploads\/2026\/03\/H2_OIE.webp 850w, https:\/\/lgleadinggreen.com\/wp-content\/uploads\/2026\/03\/H2_OIE-300x169.webp 300w, https:\/\/lgleadinggreen.com\/wp-content\/uploads\/2026\/03\/H2_OIE-768x434.webp 768w\" sizes=\"(max-width: 850px) 100vw, 850px\" \/>\t\t\t\t\t\t\t\t\t\t\t<figcaption class=\"widget-image-caption wp-caption-text\">Use of floating solar power plant for H2 production<\/figcaption>\n\t\t\t\t\t\t\t\t\t\t<\/figure>\n\t\t\t\t\t\t\t\t\t<\/div>\n\t\t\t\t<\/div>\n\t\t<div class=\"elementor-element elementor-element-9debe87 e-con-full e-flex e-con e-child\" data-id=\"9debe87\" data-element_type=\"container\" data-e-type=\"container\">\n\t\t\t\t<div class=\"elementor-element elementor-element-0f63f44 elementor-widget elementor-widget-image\" data-id=\"0f63f44\" data-element_type=\"widget\" data-e-type=\"widget\" data-widget_type=\"image.default\">\n\t\t\t\t\t\t\t\t\t\t\t\t<figure class=\"wp-caption\">\n\t\t\t\t\t\t\t\t\t\t<img decoding=\"async\" width=\"850\" height=\"480\" src=\"https:\/\/lgleadinggreen.com\/wp-content\/uploads\/2026\/03\/h2_2_OIE.webp\" class=\"attachment-large size-large wp-image-1631\" alt=\"Kori\u0161\u0107enje hibridne vetro i plutaju\u0107e solarne elektrane za proizvodnju H2\" srcset=\"https:\/\/lgleadinggreen.com\/wp-content\/uploads\/2026\/03\/h2_2_OIE.webp 850w, https:\/\/lgleadinggreen.com\/wp-content\/uploads\/2026\/03\/h2_2_OIE-300x169.webp 300w, https:\/\/lgleadinggreen.com\/wp-content\/uploads\/2026\/03\/h2_2_OIE-768x434.webp 768w\" sizes=\"(max-width: 850px) 100vw, 850px\" \/>\t\t\t\t\t\t\t\t\t\t\t<figcaption class=\"widget-image-caption wp-caption-text\">Use of hybrid wind and floating solar power plant for H2 production<\/figcaption>\n\t\t\t\t\t\t\t\t\t\t<\/figure>\n\t\t\t\t\t\t\t\t\t<\/div>\n\t\t\t\t<\/div>\n\t\t\t\t\t<\/div>\n\t\t\t\t<\/div>\n\t\t<div class=\"elementor-element elementor-element-0ae24f9 e-flex e-con-boxed e-con e-parent\" data-id=\"0ae24f9\" data-element_type=\"container\" data-e-type=\"container\">\n\t\t\t\t\t<div class=\"e-con-inner\">\n\t\t\t\t<div class=\"elementor-element elementor-element-c6c1bcb elementor-widget elementor-widget-spacer\" data-id=\"c6c1bcb\" data-element_type=\"widget\" data-e-type=\"widget\" data-widget_type=\"spacer.default\">\n\t\t\t\t\t\t\t<div class=\"elementor-spacer\">\n\t\t\t<div class=\"elementor-spacer-inner\"><\/div>\n\t\t<\/div>\n\t\t\t\t\t\t<\/div>\n\t\t\t\t\t<\/div>\n\t\t\t\t<\/div>\n\t\t\t\t<\/div>","protected":false},"excerpt":{"rendered":"<p>OIE H2 \u2013 Proizvodnja zelenog vodonika Kontaktiraj nas OIE Vi\u0161estruki su pozitivni efekti proizvodnje zelenog vodonika i to : Proizvodnja H2 kao energenta za proizvodnju toplotne ili elektri\u010dne energije Proizvodnje kiseonika za medicinske i druge potrebe Pre\u010di\u0161\u0107avanje otpadnih voda i dr. Izgledi nekih modela plutaju\u0107ih postrojenja \u010disto solarnih ili hibridnih u kombinaciji solara i vetrogeneratora [&hellip;]<\/p>\n","protected":false},"author":1,"featured_media":0,"parent":0,"menu_order":0,"comment_status":"closed","ping_status":"closed","template":"tmpl\/template-fullwidth.php","meta":{"_acf_changed":false,"footnotes":""},"class_list":["post-306","page","type-page","status-publish","hentry"],"acf":[],"_links":{"self":[{"href":"https:\/\/lgleadinggreen.com\/en\/wp-json\/wp\/v2\/pages\/306","targetHints":{"allow":["GET"]}}],"collection":[{"href":"https:\/\/lgleadinggreen.com\/en\/wp-json\/wp\/v2\/pages"}],"about":[{"href":"https:\/\/lgleadinggreen.com\/en\/wp-json\/wp\/v2\/types\/page"}],"author":[{"embeddable":true,"href":"https:\/\/lgleadinggreen.com\/en\/wp-json\/wp\/v2\/users\/1"}],"replies":[{"embeddable":true,"href":"https:\/\/lgleadinggreen.com\/en\/wp-json\/wp\/v2\/comments?post=306"}],"version-history":[{"count":27,"href":"https:\/\/lgleadinggreen.com\/en\/wp-json\/wp\/v2\/pages\/306\/revisions"}],"predecessor-version":[{"id":1716,"href":"https:\/\/lgleadinggreen.com\/en\/wp-json\/wp\/v2\/pages\/306\/revisions\/1716"}],"wp:attachment":[{"href":"https:\/\/lgleadinggreen.com\/en\/wp-json\/wp\/v2\/media?parent=306"}],"curies":[{"name":"wp","href":"https:\/\/api.w.org\/{rel}","templated":true}]}}