{"id":20,"date":"2024-07-18T02:47:49","date_gmt":"2024-07-18T02:47:49","guid":{"rendered":"https:\/\/live.21lab.co\/growlab\/?page_id=20"},"modified":"2026-03-11T01:55:23","modified_gmt":"2026-03-11T01:55:23","slug":"kontaktiraj-nas","status":"publish","type":"page","link":"https:\/\/lgleadinggreen.com\/en\/kontaktiraj-nas\/","title":{"rendered":"Contact us"},"content":{"rendered":"<div data-elementor-type=\"wp-page\" data-elementor-id=\"20\" class=\"elementor elementor-20\">\n\t\t\t\t<div class=\"elementor-element elementor-element-7654d91 bgDark e-flex e-con-boxed e-con e-parent\" data-id=\"7654d91\" data-element_type=\"container\" data-e-type=\"container\" data-settings=\"{&quot;background_background&quot;:&quot;classic&quot;}\">\n\t\t\t\t\t<div class=\"e-con-inner\">\n\t\t<div class=\"elementor-element elementor-element-27dd5b3 e-con-full e-flex e-con e-child\" data-id=\"27dd5b3\" data-element_type=\"container\" data-e-type=\"container\">\n\t\t\t\t<div class=\"elementor-element elementor-element-488706c elementor-widget elementor-widget-heading\" data-id=\"488706c\" data-element_type=\"widget\" data-e-type=\"widget\" data-widget_type=\"heading.default\">\n\t\t\t\t\t<h2 class=\"elementor-heading-title elementor-size-default\">Contacts<\/h2>\t\t\t\t<\/div>\n\t\t\t\t<\/div>\n\t\t<div class=\"elementor-element elementor-element-c886196 e-con-full e-flex e-con e-child\" data-id=\"c886196\" data-element_type=\"container\" data-e-type=\"container\">\n\t\t\t\t<\/div>\n\t\t\t\t\t<\/div>\n\t\t\t\t<\/div>\n\t\t<div class=\"elementor-element elementor-element-4d2b7b8 e-flex e-con-boxed e-con e-parent\" data-id=\"4d2b7b8\" data-element_type=\"container\" data-e-type=\"container\">\n\t\t\t\t\t<div class=\"e-con-inner\">\n\t\t\t\t<div class=\"elementor-element elementor-element-6407442 elementor-widget elementor-widget-spacer\" data-id=\"6407442\" data-element_type=\"widget\" data-e-type=\"widget\" data-widget_type=\"spacer.default\">\n\t\t\t\t\t\t\t<div class=\"elementor-spacer\">\n\t\t\t<div class=\"elementor-spacer-inner\"><\/div>\n\t\t<\/div>\n\t\t\t\t\t\t<\/div>\n\t\t\t\t\t<\/div>\n\t\t\t\t<\/div>\n\t\t<div class=\"elementor-element elementor-element-4c1fae7 e-con-full e-flex e-con e-child\" data-id=\"4c1fae7\" data-element_type=\"container\" data-e-type=\"container\">\n\t\t<div class=\"elementor-element elementor-element-2186942 e-flex e-con-boxed e-con e-child\" data-id=\"2186942\" data-element_type=\"container\" data-e-type=\"container\">\n\t\t\t\t\t<div class=\"e-con-inner\">\n\t\t\t\t<div class=\"elementor-element elementor-element-71d680f pp-dual-heading-inline elementor-widget elementor-widget-pp-dual-heading\" data-id=\"71d680f\" data-element_type=\"widget\" data-e-type=\"widget\" data-widget_type=\"pp-dual-heading.default\">\n\t\t\t\t\t<h2 class=\"pp-dual-heading\"><span class=\"pp-first-text\">Leading Green team <\/span><\/h2>\t\t\t\t<\/div>\n\t\t\t\t\t<\/div>\n\t\t\t\t<\/div>\n\t\t<div class=\"elementor-element elementor-element-3e17335 e-con-full e-flex e-con e-child\" data-id=\"3e17335\" data-element_type=\"container\" data-e-type=\"container\">\n\t\t\t\t<div class=\"elementor-element elementor-element-89b578f elementor-widget elementor-widget-heading\" data-id=\"89b578f\" data-element_type=\"widget\" data-e-type=\"widget\" data-widget_type=\"heading.default\">\n\t\t\t\t\t<span class=\"elementor-heading-title elementor-size-default\">The quality of our company is best demonstrated by the biographies of our team members. <br \/>\nOur team consists of experts with over 45 years of experience in the energy sector.  <br \/>\nTogether, we realize innovative projects that utilize renewable energy sources (RES).\n<\/span>\t\t\t\t<\/div>\n\t\t<div class=\"elementor-element elementor-element-c09e559 e-grid e-con-full e-con e-child\" data-id=\"c09e559\" data-element_type=\"container\" data-e-type=\"container\">\n\t\t\t\t<div class=\"elementor-element elementor-element-72f3408 elementor-widget elementor-widget-pp-team-member\" data-id=\"72f3408\" data-element_type=\"widget\" data-e-type=\"widget\" data-widget_type=\"pp-team-member.default\">\n\t\t\t\t\t\t\t<div class=\"pp-tm-wrapper\">\n\t\t\t<div class=\"pp-tm\">\n\t\t\t\t<div class=\"pp-tm-image\"> \n\t\t\t\t\t<img fetchpriority=\"high\" decoding=\"async\" width=\"500\" height=\"618\" src=\"https:\/\/lgleadinggreen.com\/wp-content\/uploads\/2026\/03\/katarina.webp\" class=\"attachment-medium_large size-medium_large wp-image-1191\" alt=\"Zaposljen\" srcset=\"https:\/\/lgleadinggreen.com\/wp-content\/uploads\/2026\/03\/katarina.webp 500w, https:\/\/lgleadinggreen.com\/wp-content\/uploads\/2026\/03\/katarina-243x300.webp 243w\" sizes=\"(max-width: 500px) 100vw, 500px\" \/>\n\t\t\t\t\t\t\t\t\t<\/div>\n\t\t\t\t<div class=\"pp-tm-content pp-tm-content-normal\">\n\t\t\t\t\t\t\t\t\t<h4 class=\"pp-tm-name\">\n\t\t\t\t\t\tKatarina Mi\u010dka\t\t\t\t<\/h4>\n\t\t\t\t\t\t\t<div class=\"pp-tm-position\">\n\t\t\t\tCompany Owner\t\t\t<\/div>\n\t\t\t\t\t\t\t<div class=\"pp-tm-description\">\n\t\t\t\t\t<p><a class=\"link\" href=\"http:\/\/lgleadinggreen.com\/wp-content\/uploads\/2026\/03\/CV-Katarina-Damjanovic.pdf\" target=\"_blank\" rel=\"noopener noreferrer\">CV Katarina<\/a><\/p><p><a class=\"link\" href=\"mailto:kat.damjanovic@gmail.com\" target=\"_blank\" rel=\"noopener noreferrer\">Send Email<\/a><\/p>\t\t\t\t<\/div>\n\t\t\t\t\t\t\t\t\t\t<\/div>\n\t\t\t<\/div>\n\t\t<\/div>\n\t\t\t\t\t\t<\/div>\n\t\t\t\t<div class=\"elementor-element elementor-element-6755ab5 elementor-widget elementor-widget-pp-team-member\" data-id=\"6755ab5\" data-element_type=\"widget\" data-e-type=\"widget\" data-widget_type=\"pp-team-member.default\">\n\t\t\t\t\t\t\t<div class=\"pp-tm-wrapper\">\n\t\t\t<div class=\"pp-tm\">\n\t\t\t\t<div class=\"pp-tm-image\"> \n\t\t\t\t\t<img decoding=\"async\" width=\"500\" height=\"618\" src=\"https:\/\/lgleadinggreen.com\/wp-content\/uploads\/2026\/03\/zoran.webp\" class=\"attachment-medium_large size-medium_large wp-image-1192\" alt=\"Zaposljen\" srcset=\"https:\/\/lgleadinggreen.com\/wp-content\/uploads\/2026\/03\/zoran.webp 500w, https:\/\/lgleadinggreen.com\/wp-content\/uploads\/2026\/03\/zoran-243x300.webp 243w\" sizes=\"(max-width: 500px) 100vw, 500px\" \/>\n\t\t\t\t\t\t\t\t\t<\/div>\n\t\t\t\t<div class=\"pp-tm-content pp-tm-content-normal\">\n\t\t\t\t\t\t\t\t\t<h4 class=\"pp-tm-name\">\n\t\t\t\t\t\tZoran Ili\u0107\t\t\t\t<\/h4>\n\t\t\t\t\t\t\t<div class=\"pp-tm-position\">\n\t\t\t\tTeam Leader\t\t\t<\/div>\n\t\t\t\t\t\t\t<div class=\"pp-tm-description\">\n\t\t\t\t\t<p><a class=\"link\" href=\"http:\/\/lgleadinggreen.com\/wp-content\/uploads\/2026\/03\/CV-Zoran-Ilic-eng.pdf\" target=\"_blank\" rel=\"noopener noreferrer\">CV Zoran<\/a><\/p><p><a class=\"link\" href=\"mailto:gen.consss@gmail.com\" target=\"_blank\" rel=\"noopener noreferrer\">Send Email<\/a><\/p>\t\t\t\t<\/div>\n\t\t\t\t\t\t\t\t\t\t<\/div>\n\t\t\t<\/div>\n\t\t<\/div>\n\t\t\t\t\t\t<\/div>\n\t\t\t\t<div class=\"elementor-element elementor-element-8d239f3 elementor-widget elementor-widget-pp-team-member\" data-id=\"8d239f3\" data-element_type=\"widget\" data-e-type=\"widget\" data-widget_type=\"pp-team-member.default\">\n\t\t\t\t\t\t\t<div class=\"pp-tm-wrapper\">\n\t\t\t<div class=\"pp-tm\">\n\t\t\t\t<div class=\"pp-tm-image\"> \n\t\t\t\t\t<img decoding=\"async\" width=\"500\" height=\"618\" src=\"https:\/\/lgleadinggreen.com\/wp-content\/uploads\/2026\/03\/ivan.webp\" class=\"attachment-medium_large size-medium_large wp-image-1193\" alt=\"Zaposljen\" srcset=\"https:\/\/lgleadinggreen.com\/wp-content\/uploads\/2026\/03\/ivan.webp 500w, https:\/\/lgleadinggreen.com\/wp-content\/uploads\/2026\/03\/ivan-243x300.webp 243w\" sizes=\"(max-width: 500px) 100vw, 500px\" \/>\n\t\t\t\t\t\t\t\t\t<\/div>\n\t\t\t\t<div class=\"pp-tm-content pp-tm-content-normal\">\n\t\t\t\t\t\t\t\t\t<h4 class=\"pp-tm-name\">\n\t\t\t\t\t\tIvan mi\u010dka\t\t\t\t<\/h4>\n\t\t\t\t\t\t\t<div class=\"pp-tm-position\">\n\t\t\t\tTeam Member\t\t\t<\/div>\n\t\t\t\t\t\t\t<div class=\"pp-tm-description\">\n\t\t\t\t\t<p><a class=\"link\" href=\"http:\/\/lgleadinggreen.com\/wp-content\/uploads\/2026\/03\/CV-Ivan-Micka_eng.pdf\" target=\"_blank\" rel=\"noopener noreferrer\">CV Ivan<\/a><\/p><p><a class=\"link\" href=\"mailto:micka.ivan@gmail.com\" target=\"_blank\" rel=\"noopener noreferrer\">Send Email<\/a><\/p>\t\t\t\t<\/div>\n\t\t\t\t\t\t\t\t\t\t<\/div>\n\t\t\t<\/div>\n\t\t<\/div>\n\t\t\t\t\t\t<\/div>\n\t\t\t\t<div class=\"elementor-element elementor-element-9fb289c elementor-widget elementor-widget-pp-team-member\" data-id=\"9fb289c\" data-element_type=\"widget\" data-e-type=\"widget\" data-widget_type=\"pp-team-member.default\">\n\t\t\t\t\t\t\t<div class=\"pp-tm-wrapper\">\n\t\t\t<div class=\"pp-tm\">\n\t\t\t\t<div class=\"pp-tm-image\"> \n\t\t\t\t\t<img loading=\"lazy\" decoding=\"async\" width=\"500\" height=\"618\" src=\"https:\/\/lgleadinggreen.com\/wp-content\/uploads\/2026\/03\/velimir.webp\" class=\"attachment-medium_large size-medium_large wp-image-1194\" alt=\"Zaposljen\" srcset=\"https:\/\/lgleadinggreen.com\/wp-content\/uploads\/2026\/03\/velimir.webp 500w, https:\/\/lgleadinggreen.com\/wp-content\/uploads\/2026\/03\/velimir-243x300.webp 243w\" sizes=\"(max-width: 500px) 100vw, 500px\" \/>\n\t\t\t\t\t\t\t\t\t<\/div>\n\t\t\t\t<div class=\"pp-tm-content pp-tm-content-normal\">\n\t\t\t\t\t\t\t\t\t<h4 class=\"pp-tm-name\">\n\t\t\t\t\t\tVelimir Babi\u0107\t\t\t\t<\/h4>\n\t\t\t\t\t\t\t<div class=\"pp-tm-position\">\n\t\t\t\tTeam Member\t\t\t<\/div>\n\t\t\t\t\t\t\t<div class=\"pp-tm-description\">\n\t\t\t\t\t<p><a class=\"link\" href=\"http:\/\/lgleadinggreen.com\/wp-content\/uploads\/2026\/03\/CV-VELIMIR-BABIC.pdf\" target=\"_blank\" rel=\"noopener noreferrer\">CV Velimir<\/a><\/p><p><a class=\"link\" href=\"mailto:velimir.babic@b4finance.rs\" target=\"_blank\" rel=\"noopener noreferrer\">Send Email<\/a><\/p>\t\t\t\t<\/div>\n\t\t\t\t\t\t\t\t\t\t<\/div>\n\t\t\t<\/div>\n\t\t<\/div>\n\t\t\t\t\t\t<\/div>\n\t\t\t\t<\/div>\n\t\t\t\t<\/div>\n\t\t<div class=\"elementor-element elementor-element-828f9b3 e-con-full e-flex e-con e-child\" data-id=\"828f9b3\" data-element_type=\"container\" data-e-type=\"container\">\n\t\t\t\t<\/div>\n\t\t\t\t<\/div>\n\t\t<div class=\"elementor-element elementor-element-e2c0dbb bgLight e-flex e-con-boxed e-con e-parent\" data-id=\"e2c0dbb\" data-element_type=\"container\" data-e-type=\"container\">\n\t\t\t\t\t<div class=\"e-con-inner\">\n\t\t<div class=\"elementor-element elementor-element-7bc497f e-con-full e-flex e-con e-child\" data-id=\"7bc497f\" data-element_type=\"container\" data-e-type=\"container\">\n\t\t\t\t<div class=\"elementor-element elementor-element-e123b8f pp-dual-heading-block elementor-widget elementor-widget-pp-dual-heading\" data-id=\"e123b8f\" data-element_type=\"widget\" data-e-type=\"widget\" data-widget_type=\"pp-dual-heading.default\">\n\t\t\t\t\t<h2 class=\"pp-dual-heading\"><span class=\"pp-first-text\">Contact form<\/span><span class=\"pp-second-text\">Write to us<\/span><\/h2>\t\t\t\t<\/div>\n\t\t<div class=\"elementor-element elementor-element-f2d02f0 e-con-full e-flex e-con e-child\" data-id=\"f2d02f0\" data-element_type=\"container\" data-e-type=\"container\">\n\t\t\t\t<div class=\"elementor-element elementor-element-a3fbab1 elementor-widget elementor-widget-spacer\" data-id=\"a3fbab1\" data-element_type=\"widget\" data-e-type=\"widget\" data-widget_type=\"spacer.default\">\n\t\t\t\t\t\t\t<div class=\"elementor-spacer\">\n\t\t\t<div class=\"elementor-spacer-inner\"><\/div>\n\t\t<\/div>\n\t\t\t\t\t\t<\/div>\n\t\t\t\t<\/div>\n\t\t\t\t<\/div>\n\t\t<div class=\"elementor-element elementor-element-3843334 e-con-full e-flex e-con e-child\" data-id=\"3843334\" data-element_type=\"container\" data-e-type=\"container\">\n\t\t\t\t<div class=\"elementor-element elementor-element-1664ef7 elementor-widget elementor-widget-menu-anchor\" data-id=\"1664ef7\" data-element_type=\"widget\" data-e-type=\"widget\" data-widget_type=\"menu-anchor.default\">\n\t\t\t\t\t\t\t<div class=\"elementor-menu-anchor\" id=\"myForm\"><\/div>\n\t\t\t\t\t\t<\/div>\n\t\t\t\t<div class=\"elementor-element elementor-element-4139524 pp-contact-form-7-button-custom elementor-widget elementor-widget-pp-contact-form-7\" data-id=\"4139524\" data-element_type=\"widget\" data-e-type=\"widget\" data-widget_type=\"pp-contact-form-7.default\">\n\t\t\t\t\t\t\t\t\t<div class=\"pp-contact-form pp-contact-form-7 placeholder-show\">\n\t\t\t\t\t\t\t\t\t\t\n<div class=\"wpcf7 no-js\" id=\"wpcf7-f7-p20-o1\" lang=\"en-US\" dir=\"ltr\" data-wpcf7-id=\"7\">\n<div class=\"screen-reader-response\"><p role=\"status\" aria-live=\"polite\" aria-atomic=\"true\"><\/p> <ul><\/ul><\/div>\n<form action=\"\/en\/kontaktiraj-nas\/#wpcf7-f7-p20-o1\" method=\"post\" class=\"wpcf7-form init\" aria-label=\"Contact form\" novalidate=\"novalidate\" data-status=\"init\" data-trp-original-action=\"\/kontaktiraj-nas\/#wpcf7-f7-p20-o1\">\n<fieldset class=\"hidden-fields-container\"><input type=\"hidden\" name=\"_wpcf7\" value=\"7\" \/><input type=\"hidden\" name=\"_wpcf7_version\" value=\"6.1.5\" \/><input type=\"hidden\" name=\"_wpcf7_locale\" value=\"en_US\" \/><input type=\"hidden\" name=\"_wpcf7_unit_tag\" value=\"wpcf7-f7-p20-o1\" \/><input type=\"hidden\" name=\"_wpcf7_container_post\" value=\"20\" \/><input type=\"hidden\" name=\"_wpcf7_posted_data_hash\" value=\"\" \/>\n<\/fieldset>\n<p><label> Your name<br \/>\n<span class=\"wpcf7-form-control-wrap\" data-name=\"your-name\"><input size=\"40\" maxlength=\"400\" class=\"wpcf7-form-control wpcf7-text wpcf7-validates-as-required\" autocomplete=\"name\" aria-required=\"true\" aria-invalid=\"false\" value=\"\" type=\"text\" name=\"your-name\" \/><\/span> <\/label>\n<\/p>\n<p><label> Your email<br \/>\n<span class=\"wpcf7-form-control-wrap\" data-name=\"your-email\"><input size=\"40\" maxlength=\"400\" class=\"wpcf7-form-control wpcf7-email wpcf7-validates-as-required wpcf7-text wpcf7-validates-as-email\" autocomplete=\"email\" aria-required=\"true\" aria-invalid=\"false\" value=\"\" type=\"email\" name=\"your-email\" \/><\/span> <\/label>\n<\/p>\n<p><label> Subject<br \/>\n<span class=\"wpcf7-form-control-wrap\" data-name=\"your-subject\"><input size=\"40\" maxlength=\"400\" class=\"wpcf7-form-control wpcf7-text wpcf7-validates-as-required\" aria-required=\"true\" aria-invalid=\"false\" value=\"\" type=\"text\" name=\"your-subject\" \/><\/span> <\/label>\n<\/p>\n<p><label> Your message<br \/>\n<span class=\"wpcf7-form-control-wrap\" data-name=\"your-message\"><textarea cols=\"40\" rows=\"10\" maxlength=\"2000\" class=\"wpcf7-form-control wpcf7-textarea\" aria-invalid=\"false\" name=\"your-message\"><\/textarea><\/span> <\/label><br \/>\n<span class=\"wpcf7-form-control-wrap\" data-name=\"quiz-54\"><label><span class=\"wpcf7-quiz-label\">3x2=?<\/span> <input size=\"40\" class=\"wpcf7-form-control wpcf7-quiz\" autocomplete=\"off\" aria-required=\"true\" aria-invalid=\"false\" type=\"text\" name=\"quiz-54\" \/><\/label><input type=\"hidden\" name=\"_wpcf7_quiz_answer_quiz-54\" value=\"dbb80790b5a28af60768bb8bda761d0b\" \/><\/span><br \/>\n<input class=\"wpcf7-form-control wpcf7-submit has-spinner\" type=\"submit\" value=\"Send\" \/>\n<\/p><div class=\"wpcf7-response-output\" aria-hidden=\"true\"><\/div>\n<input type=\"hidden\" name=\"trp-form-language\" value=\"en\"\/><\/form>\n<\/div>\n\t\t\t\t<\/div>\n\t\t\t\t\t\t\t\t<\/div>\n\t\t\t\t<\/div>\n\t\t<div class=\"elementor-element elementor-element-a6a16c1 e-con-full e-flex e-con e-child\" data-id=\"a6a16c1\" data-element_type=\"container\" data-e-type=\"container\">\n\t\t\t\t<div class=\"elementor-element elementor-element-f7596ea elementor-hidden-mobile elementor-widget elementor-widget-image\" data-id=\"f7596ea\" data-element_type=\"widget\" data-e-type=\"widget\" data-widget_type=\"image.default\">\n\t\t\t\t\t\t\t\t\t\t\t\t\t\t\t<img loading=\"lazy\" decoding=\"async\" width=\"780\" height=\"1024\" src=\"https:\/\/lgleadinggreen.com\/wp-content\/uploads\/2026\/03\/kontakt_forma-780x1024.webp\" class=\"attachment-large size-large wp-image-1469\" alt=\"Kontakt\" srcset=\"https:\/\/lgleadinggreen.com\/wp-content\/uploads\/2026\/03\/kontakt_forma-780x1024.webp 780w, https:\/\/lgleadinggreen.com\/wp-content\/uploads\/2026\/03\/kontakt_forma-229x300.webp 229w, https:\/\/lgleadinggreen.com\/wp-content\/uploads\/2026\/03\/kontakt_forma-768x1008.webp 768w, https:\/\/lgleadinggreen.com\/wp-content\/uploads\/2026\/03\/kontakt_forma.webp 940w\" sizes=\"(max-width: 780px) 100vw, 780px\" \/>\t\t\t\t\t\t\t\t\t\t\t\t\t\t\t<\/div>\n\t\t\t\t<\/div>\n\t\t<div class=\"elementor-element elementor-element-48c1cbb e-con-full e-flex e-con e-child\" data-id=\"48c1cbb\" data-element_type=\"container\" data-e-type=\"container\">\n\t\t\t\t<div class=\"elementor-element elementor-element-4c3407e elementor-widget-divider--view-line elementor-widget elementor-widget-divider\" data-id=\"4c3407e\" data-element_type=\"widget\" data-e-type=\"widget\" data-widget_type=\"divider.default\">\n\t\t\t\t\t\t\t<div class=\"elementor-divider\">\n\t\t\t<span class=\"elementor-divider-separator\">\n\t\t\t\t\t\t<\/span>\n\t\t<\/div>\n\t\t\t\t\t\t<\/div>\n\t\t\t\t<\/div>\n\t\t<div class=\"elementor-element elementor-element-b6f405e e-con-full e-flex e-con e-child\" data-id=\"b6f405e\" data-element_type=\"container\" data-e-type=\"container\">\n\t\t\t\t<\/div>\n\t\t<div class=\"elementor-element elementor-element-3b818a9 e-con-full e-flex e-con e-child\" data-id=\"3b818a9\" data-element_type=\"container\" data-e-type=\"container\">\n\t\t\t\t<\/div>\n\t\t<div class=\"elementor-element elementor-element-3f92c8e e-con-full e-flex e-con e-child\" data-id=\"3f92c8e\" data-element_type=\"container\" data-e-type=\"container\">\n\t\t\t\t<\/div>\n\t\t\t\t\t<\/div>\n\t\t\t\t<\/div>\n\t\t\t\t<\/div>","protected":false},"excerpt":{"rendered":"<p>Kontakti Leading Green tim O kvalitetu kompanije najbolje govore biografije \u010dlanova na\u0161eg tima. Na\u0161 tim \u010dine stru\u010dnjaci sa preko 45 godina iskustva u energetici. Zajedno realizujemo inovativne projekte koji koriste obnovljive izvore energije. Katarina Mi\u010dka Vlasnik kompanije CV Katarina Po\u0161alji Email Zoran Ili\u0107 Tim lider CV Zoran Po\u0161alji Email Ivan mi\u010dka \u010clan tima CV Ivan [&hellip;]<\/p>\n","protected":false},"author":1,"featured_media":0,"parent":0,"menu_order":0,"comment_status":"closed","ping_status":"closed","template":"tmpl\/template-fullwidth.php","meta":{"_acf_changed":false,"footnotes":""},"class_list":["post-20","page","type-page","status-publish","hentry"],"acf":[],"_links":{"self":[{"href":"https:\/\/lgleadinggreen.com\/en\/wp-json\/wp\/v2\/pages\/20","targetHints":{"allow":["GET"]}}],"collection":[{"href":"https:\/\/lgleadinggreen.com\/en\/wp-json\/wp\/v2\/pages"}],"about":[{"href":"https:\/\/lgleadinggreen.com\/en\/wp-json\/wp\/v2\/types\/page"}],"author":[{"embeddable":true,"href":"https:\/\/lgleadinggreen.com\/en\/wp-json\/wp\/v2\/users\/1"}],"replies":[{"embeddable":true,"href":"https:\/\/lgleadinggreen.com\/en\/wp-json\/wp\/v2\/comments?post=20"}],"version-history":[{"count":52,"href":"https:\/\/lgleadinggreen.com\/en\/wp-json\/wp\/v2\/pages\/20\/revisions"}],"predecessor-version":[{"id":1685,"href":"https:\/\/lgleadinggreen.com\/en\/wp-json\/wp\/v2\/pages\/20\/revisions\/1685"}],"wp:attachment":[{"href":"https:\/\/lgleadinggreen.com\/en\/wp-json\/wp\/v2\/media?parent=20"}],"curies":[{"name":"wp","href":"https:\/\/api.w.org\/{rel}","templated":true}]}}